{"id":166,"date":"2022-02-12T18:06:33","date_gmt":"2022-02-12T17:06:33","guid":{"rendered":"http:\/\/intermedicare.dplusb.de\/startseite\/"},"modified":"2022-09-27T13:16:56","modified_gmt":"2022-09-27T11:16:56","slug":"asistenti-medicali-generalisti-plasare-in-germania-curs-limba-germana","status":"publish","type":"page","link":"https:\/\/www.intermedicare.de\/ro\/","title":{"rendered":"Home"},"content":{"rendered":"","protected":false},"excerpt":{"rendered":"","protected":false},"author":1,"featured_media":161,"parent":0,"menu_order":0,"comment_status":"closed","ping_status":"closed","template":"","meta":{"_acf_changed":false,"footnotes":""},"class_list":["post-166","page","type-page","status-publish","has-post-thumbnail","hentry"],"acf":[],"yoast_head":"<!-- This site is optimized with the Yoast SEO plugin v26.4 - https:\/\/yoast.com\/wordpress\/plugins\/seo\/ -->\n<title>Home - Asistenti medicali din Rom\u00e2nia \u00een Germania<\/title>\n<meta name=\"description\" content=\"Asistenti medicali generalisti pentru spitale, unit\u0103\u021bi de \u00eengrijire, servicii de \u00eengrijire ambulatorie, \u00eengrijire intensiv\u0103 \u00een ambulatoriu. Angajare in Germania\" \/>\n<meta name=\"robots\" content=\"index, follow, max-snippet:-1, max-image-preview:large, max-video-preview:-1\" \/>\n<link rel=\"canonical\" href=\"https:\/\/www.intermedicare.de\/ro\/\" \/>\n<meta property=\"og:locale\" content=\"ro_RO\" \/>\n<meta property=\"og:type\" content=\"article\" \/>\n<meta property=\"og:title\" content=\"Home - Asistenti medicali din Rom\u00e2nia \u00een Germania\" \/>\n<meta property=\"og:description\" content=\"Asistenti medicali generalisti pentru spitale, unit\u0103\u021bi de \u00eengrijire, servicii de \u00eengrijire ambulatorie, \u00eengrijire intensiv\u0103 \u00een ambulatoriu. Angajare in Germania\" \/>\n<meta property=\"og:url\" content=\"https:\/\/www.intermedicare.de\/ro\/\" \/>\n<meta property=\"og:site_name\" content=\"intermedicare\" \/>\n<meta property=\"article:modified_time\" content=\"2022-09-27T11:16:56+00:00\" \/>\n<meta property=\"og:image\" content=\"https:\/\/www.intermedicare.de\/wp-content\/uploads\/2022\/02\/startseite_headerslider_jetzt-bewerben-min-scaled.jpg\" \/>\n\t<meta property=\"og:image:width\" content=\"2560\" \/>\n\t<meta property=\"og:image:height\" content=\"1197\" \/>\n\t<meta property=\"og:image:type\" content=\"image\/jpeg\" \/>\n<meta name=\"twitter:card\" content=\"summary_large_image\" \/>\n<script type=\"application\/ld+json\" class=\"yoast-schema-graph\">{\"@context\":\"https:\/\/schema.org\",\"@graph\":[{\"@type\":\"WebPage\",\"@id\":\"https:\/\/www.intermedicare.de\/ro\/\",\"url\":\"https:\/\/www.intermedicare.de\/ro\/\",\"name\":\"Home - Asistenti medicali din Rom\u00e2nia \u00een Germania\",\"isPartOf\":{\"@id\":\"https:\/\/www.intermedicare.de\/#website\"},\"primaryImageOfPage\":{\"@id\":\"https:\/\/www.intermedicare.de\/ro\/#primaryimage\"},\"image\":{\"@id\":\"https:\/\/www.intermedicare.de\/ro\/#primaryimage\"},\"thumbnailUrl\":\"https:\/\/www.intermedicare.de\/wp-content\/uploads\/2022\/02\/startseite_headerslider_jetzt-bewerben-min-scaled.jpg\",\"datePublished\":\"2022-02-12T17:06:33+00:00\",\"dateModified\":\"2022-09-27T11:16:56+00:00\",\"description\":\"Asistenti medicali generalisti pentru spitale, unit\u0103\u021bi de \u00eengrijire, servicii de \u00eengrijire ambulatorie, \u00eengrijire intensiv\u0103 \u00een ambulatoriu. Angajare in Germania\",\"breadcrumb\":{\"@id\":\"https:\/\/www.intermedicare.de\/ro\/#breadcrumb\"},\"inLanguage\":\"ro-RO\",\"potentialAction\":[{\"@type\":\"ReadAction\",\"target\":[\"https:\/\/www.intermedicare.de\/ro\/\"]}]},{\"@type\":\"ImageObject\",\"inLanguage\":\"ro-RO\",\"@id\":\"https:\/\/www.intermedicare.de\/ro\/#primaryimage\",\"url\":\"https:\/\/www.intermedicare.de\/wp-content\/uploads\/2022\/02\/startseite_headerslider_jetzt-bewerben-min-scaled.jpg\",\"contentUrl\":\"https:\/\/www.intermedicare.de\/wp-content\/uploads\/2022\/02\/startseite_headerslider_jetzt-bewerben-min-scaled.jpg\",\"width\":2560,\"height\":1197,\"caption\":\"Asisten\u021bi medicali din Rom\u00e2nia\"},{\"@type\":\"BreadcrumbList\",\"@id\":\"https:\/\/www.intermedicare.de\/ro\/#breadcrumb\",\"itemListElement\":[{\"@type\":\"ListItem\",\"position\":1,\"name\":\"Startseite\",\"item\":\"https:\/\/www.intermedicare.de\/ro\/\"},{\"@type\":\"ListItem\",\"position\":2,\"name\":\"Home\"}]},{\"@type\":\"WebSite\",\"@id\":\"https:\/\/www.intermedicare.de\/#website\",\"url\":\"https:\/\/www.intermedicare.de\/\",\"name\":\"intermedicare\",\"description\":\"\",\"potentialAction\":[{\"@type\":\"SearchAction\",\"target\":{\"@type\":\"EntryPoint\",\"urlTemplate\":\"https:\/\/www.intermedicare.de\/?s={search_term_string}\"},\"query-input\":{\"@type\":\"PropertyValueSpecification\",\"valueRequired\":true,\"valueName\":\"search_term_string\"}}],\"inLanguage\":\"ro-RO\"}]}<\/script>\n<!-- \/ Yoast SEO plugin. -->","yoast_head_json":{"title":"Home - Asistenti medicali din Rom\u00e2nia \u00een Germania","description":"Asistenti medicali generalisti pentru spitale, unit\u0103\u021bi de \u00eengrijire, servicii de \u00eengrijire ambulatorie, \u00eengrijire intensiv\u0103 \u00een ambulatoriu. Angajare in Germania","robots":{"index":"index","follow":"follow","max-snippet":"max-snippet:-1","max-image-preview":"max-image-preview:large","max-video-preview":"max-video-preview:-1"},"canonical":"https:\/\/www.intermedicare.de\/ro\/","og_locale":"ro_RO","og_type":"article","og_title":"Home - Asistenti medicali din Rom\u00e2nia \u00een Germania","og_description":"Asistenti medicali generalisti pentru spitale, unit\u0103\u021bi de \u00eengrijire, servicii de \u00eengrijire ambulatorie, \u00eengrijire intensiv\u0103 \u00een ambulatoriu. Angajare in Germania","og_url":"https:\/\/www.intermedicare.de\/ro\/","og_site_name":"intermedicare","article_modified_time":"2022-09-27T11:16:56+00:00","og_image":[{"width":2560,"height":1197,"url":"https:\/\/www.intermedicare.de\/wp-content\/uploads\/2022\/02\/startseite_headerslider_jetzt-bewerben-min-scaled.jpg","type":"image\/jpeg"}],"twitter_card":"summary_large_image","schema":{"@context":"https:\/\/schema.org","@graph":[{"@type":"WebPage","@id":"https:\/\/www.intermedicare.de\/ro\/","url":"https:\/\/www.intermedicare.de\/ro\/","name":"Home - Asistenti medicali din Rom\u00e2nia \u00een Germania","isPartOf":{"@id":"https:\/\/www.intermedicare.de\/#website"},"primaryImageOfPage":{"@id":"https:\/\/www.intermedicare.de\/ro\/#primaryimage"},"image":{"@id":"https:\/\/www.intermedicare.de\/ro\/#primaryimage"},"thumbnailUrl":"https:\/\/www.intermedicare.de\/wp-content\/uploads\/2022\/02\/startseite_headerslider_jetzt-bewerben-min-scaled.jpg","datePublished":"2022-02-12T17:06:33+00:00","dateModified":"2022-09-27T11:16:56+00:00","description":"Asistenti medicali generalisti pentru spitale, unit\u0103\u021bi de \u00eengrijire, servicii de \u00eengrijire ambulatorie, \u00eengrijire intensiv\u0103 \u00een ambulatoriu. Angajare in Germania","breadcrumb":{"@id":"https:\/\/www.intermedicare.de\/ro\/#breadcrumb"},"inLanguage":"ro-RO","potentialAction":[{"@type":"ReadAction","target":["https:\/\/www.intermedicare.de\/ro\/"]}]},{"@type":"ImageObject","inLanguage":"ro-RO","@id":"https:\/\/www.intermedicare.de\/ro\/#primaryimage","url":"https:\/\/www.intermedicare.de\/wp-content\/uploads\/2022\/02\/startseite_headerslider_jetzt-bewerben-min-scaled.jpg","contentUrl":"https:\/\/www.intermedicare.de\/wp-content\/uploads\/2022\/02\/startseite_headerslider_jetzt-bewerben-min-scaled.jpg","width":2560,"height":1197,"caption":"Asisten\u021bi medicali din Rom\u00e2nia"},{"@type":"BreadcrumbList","@id":"https:\/\/www.intermedicare.de\/ro\/#breadcrumb","itemListElement":[{"@type":"ListItem","position":1,"name":"Startseite","item":"https:\/\/www.intermedicare.de\/ro\/"},{"@type":"ListItem","position":2,"name":"Home"}]},{"@type":"WebSite","@id":"https:\/\/www.intermedicare.de\/#website","url":"https:\/\/www.intermedicare.de\/","name":"intermedicare","description":"","potentialAction":[{"@type":"SearchAction","target":{"@type":"EntryPoint","urlTemplate":"https:\/\/www.intermedicare.de\/?s={search_term_string}"},"query-input":{"@type":"PropertyValueSpecification","valueRequired":true,"valueName":"search_term_string"}}],"inLanguage":"ro-RO"}]}},"_links":{"self":[{"href":"https:\/\/www.intermedicare.de\/ro\/wp-json\/wp\/v2\/pages\/166","targetHints":{"allow":["GET"]}}],"collection":[{"href":"https:\/\/www.intermedicare.de\/ro\/wp-json\/wp\/v2\/pages"}],"about":[{"href":"https:\/\/www.intermedicare.de\/ro\/wp-json\/wp\/v2\/types\/page"}],"author":[{"embeddable":true,"href":"https:\/\/www.intermedicare.de\/ro\/wp-json\/wp\/v2\/users\/1"}],"replies":[{"embeddable":true,"href":"https:\/\/www.intermedicare.de\/ro\/wp-json\/wp\/v2\/comments?post=166"}],"version-history":[{"count":18,"href":"https:\/\/www.intermedicare.de\/ro\/wp-json\/wp\/v2\/pages\/166\/revisions"}],"predecessor-version":[{"id":503,"href":"https:\/\/www.intermedicare.de\/ro\/wp-json\/wp\/v2\/pages\/166\/revisions\/503"}],"wp:featuredmedia":[{"embeddable":true,"href":"https:\/\/www.intermedicare.de\/ro\/wp-json\/wp\/v2\/media\/161"}],"wp:attachment":[{"href":"https:\/\/www.intermedicare.de\/ro\/wp-json\/wp\/v2\/media?parent=166"}],"curies":[{"name":"wp","href":"https:\/\/api.w.org\/{rel}","templated":true}]}}