{"id":174,"date":"2022-02-12T18:15:01","date_gmt":"2022-02-12T17:15:01","guid":{"rendered":"http:\/\/intermedicare.dplusb.de\/ueber-uns\/"},"modified":"2022-07-05T15:03:22","modified_gmt":"2022-07-05T13:03:22","slug":"despre-noi","status":"publish","type":"page","link":"https:\/\/www.intermedicare.de\/ro\/despre-noi\/","title":{"rendered":"Despre noi"},"content":{"rendered":"","protected":false},"excerpt":{"rendered":"","protected":false},"author":1,"featured_media":256,"parent":0,"menu_order":0,"comment_status":"closed","ping_status":"closed","template":"","meta":{"_acf_changed":false,"footnotes":""},"class_list":["post-174","page","type-page","status-publish","has-post-thumbnail","hentry"],"acf":[],"yoast_head":"<!-- This site is optimized with the Yoast SEO plugin v26.4 - https:\/\/yoast.com\/wordpress\/plugins\/seo\/ -->\n<title>Plasarea asisten\u021bilor medicali generali\u0219ti \u00een Germania<\/title>\n<meta name=\"description\" content=\"Asisten\u021bii medicali din Rom\u00e2nia primesc de la noi o preg\u0103tire excelent\u0103 pentru sarcinile lor \u00een Germania.\" \/>\n<meta name=\"robots\" content=\"index, follow, max-snippet:-1, max-image-preview:large, max-video-preview:-1\" \/>\n<link rel=\"canonical\" href=\"https:\/\/www.intermedicare.de\/ueber-uns\/\" \/>\n<meta property=\"og:locale\" content=\"ro_RO\" \/>\n<meta property=\"og:type\" content=\"article\" \/>\n<meta property=\"og:title\" content=\"Plasarea asisten\u021bilor medicali generali\u0219ti \u00een Germania\" \/>\n<meta property=\"og:description\" content=\"Asisten\u021bii medicali din Rom\u00e2nia primesc de la noi o preg\u0103tire excelent\u0103 pentru sarcinile lor \u00een Germania.\" \/>\n<meta property=\"og:url\" content=\"https:\/\/www.intermedicare.de\/ueber-uns\/\" \/>\n<meta property=\"og:site_name\" content=\"intermedicare\" \/>\n<meta property=\"article:modified_time\" content=\"2022-07-05T13:03:22+00:00\" \/>\n<meta property=\"og:image\" content=\"https:\/\/www.intermedicare.de\/wp-content\/uploads\/2022\/02\/Header_GF4.jpg\" \/>\n\t<meta property=\"og:image:width\" content=\"1984\" \/>\n\t<meta property=\"og:image:height\" content=\"928\" \/>\n\t<meta property=\"og:image:type\" content=\"image\/jpeg\" \/>\n<meta name=\"twitter:card\" content=\"summary_large_image\" \/>\n<script type=\"application\/ld+json\" class=\"yoast-schema-graph\">{\"@context\":\"https:\/\/schema.org\",\"@graph\":[{\"@type\":\"WebPage\",\"@id\":\"https:\/\/www.intermedicare.de\/ueber-uns\/\",\"url\":\"https:\/\/www.intermedicare.de\/ueber-uns\/\",\"name\":\"Plasarea asisten\u021bilor medicali generali\u0219ti \u00een Germania\",\"isPartOf\":{\"@id\":\"https:\/\/www.intermedicare.de\/#website\"},\"primaryImageOfPage\":{\"@id\":\"https:\/\/www.intermedicare.de\/ueber-uns\/#primaryimage\"},\"image\":{\"@id\":\"https:\/\/www.intermedicare.de\/ueber-uns\/#primaryimage\"},\"thumbnailUrl\":\"https:\/\/www.intermedicare.de\/wp-content\/uploads\/2022\/02\/Header_GF4.jpg\",\"datePublished\":\"2022-02-12T17:15:01+00:00\",\"dateModified\":\"2022-07-05T13:03:22+00:00\",\"description\":\"Asisten\u021bii medicali din Rom\u00e2nia primesc de la noi o preg\u0103tire excelent\u0103 pentru sarcinile lor \u00een Germania.\",\"breadcrumb\":{\"@id\":\"https:\/\/www.intermedicare.de\/ueber-uns\/#breadcrumb\"},\"inLanguage\":\"ro-RO\",\"potentialAction\":[{\"@type\":\"ReadAction\",\"target\":[\"https:\/\/www.intermedicare.de\/ueber-uns\/\"]}]},{\"@type\":\"ImageObject\",\"inLanguage\":\"ro-RO\",\"@id\":\"https:\/\/www.intermedicare.de\/ueber-uns\/#primaryimage\",\"url\":\"https:\/\/www.intermedicare.de\/wp-content\/uploads\/2022\/02\/Header_GF4.jpg\",\"contentUrl\":\"https:\/\/www.intermedicare.de\/wp-content\/uploads\/2022\/02\/Header_GF4.jpg\",\"width\":1984,\"height\":928,\"caption\":\"Plasament de profesioni\u0219ti \u00een domeniul asisten\u021bei medicale \u00een Germania\"},{\"@type\":\"BreadcrumbList\",\"@id\":\"https:\/\/www.intermedicare.de\/ueber-uns\/#breadcrumb\",\"itemListElement\":[{\"@type\":\"ListItem\",\"position\":1,\"name\":\"Startseite\",\"item\":\"https:\/\/www.intermedicare.de\/ro\/\"},{\"@type\":\"ListItem\",\"position\":2,\"name\":\"Despre noi\"}]},{\"@type\":\"WebSite\",\"@id\":\"https:\/\/www.intermedicare.de\/#website\",\"url\":\"https:\/\/www.intermedicare.de\/\",\"name\":\"intermedicare\",\"description\":\"\",\"potentialAction\":[{\"@type\":\"SearchAction\",\"target\":{\"@type\":\"EntryPoint\",\"urlTemplate\":\"https:\/\/www.intermedicare.de\/?s={search_term_string}\"},\"query-input\":{\"@type\":\"PropertyValueSpecification\",\"valueRequired\":true,\"valueName\":\"search_term_string\"}}],\"inLanguage\":\"ro-RO\"}]}<\/script>\n<!-- \/ Yoast SEO plugin. -->","yoast_head_json":{"title":"Plasarea asisten\u021bilor medicali generali\u0219ti \u00een Germania","description":"Asisten\u021bii medicali din Rom\u00e2nia primesc de la noi o preg\u0103tire excelent\u0103 pentru sarcinile lor \u00een Germania.","robots":{"index":"index","follow":"follow","max-snippet":"max-snippet:-1","max-image-preview":"max-image-preview:large","max-video-preview":"max-video-preview:-1"},"canonical":"https:\/\/www.intermedicare.de\/ueber-uns\/","og_locale":"ro_RO","og_type":"article","og_title":"Plasarea asisten\u021bilor medicali generali\u0219ti \u00een Germania","og_description":"Asisten\u021bii medicali din Rom\u00e2nia primesc de la noi o preg\u0103tire excelent\u0103 pentru sarcinile lor \u00een Germania.","og_url":"https:\/\/www.intermedicare.de\/ueber-uns\/","og_site_name":"intermedicare","article_modified_time":"2022-07-05T13:03:22+00:00","og_image":[{"width":1984,"height":928,"url":"https:\/\/www.intermedicare.de\/wp-content\/uploads\/2022\/02\/Header_GF4.jpg","type":"image\/jpeg"}],"twitter_card":"summary_large_image","schema":{"@context":"https:\/\/schema.org","@graph":[{"@type":"WebPage","@id":"https:\/\/www.intermedicare.de\/ueber-uns\/","url":"https:\/\/www.intermedicare.de\/ueber-uns\/","name":"Plasarea asisten\u021bilor medicali generali\u0219ti \u00een Germania","isPartOf":{"@id":"https:\/\/www.intermedicare.de\/#website"},"primaryImageOfPage":{"@id":"https:\/\/www.intermedicare.de\/ueber-uns\/#primaryimage"},"image":{"@id":"https:\/\/www.intermedicare.de\/ueber-uns\/#primaryimage"},"thumbnailUrl":"https:\/\/www.intermedicare.de\/wp-content\/uploads\/2022\/02\/Header_GF4.jpg","datePublished":"2022-02-12T17:15:01+00:00","dateModified":"2022-07-05T13:03:22+00:00","description":"Asisten\u021bii medicali din Rom\u00e2nia primesc de la noi o preg\u0103tire excelent\u0103 pentru sarcinile lor \u00een Germania.","breadcrumb":{"@id":"https:\/\/www.intermedicare.de\/ueber-uns\/#breadcrumb"},"inLanguage":"ro-RO","potentialAction":[{"@type":"ReadAction","target":["https:\/\/www.intermedicare.de\/ueber-uns\/"]}]},{"@type":"ImageObject","inLanguage":"ro-RO","@id":"https:\/\/www.intermedicare.de\/ueber-uns\/#primaryimage","url":"https:\/\/www.intermedicare.de\/wp-content\/uploads\/2022\/02\/Header_GF4.jpg","contentUrl":"https:\/\/www.intermedicare.de\/wp-content\/uploads\/2022\/02\/Header_GF4.jpg","width":1984,"height":928,"caption":"Plasament de profesioni\u0219ti \u00een domeniul asisten\u021bei medicale \u00een Germania"},{"@type":"BreadcrumbList","@id":"https:\/\/www.intermedicare.de\/ueber-uns\/#breadcrumb","itemListElement":[{"@type":"ListItem","position":1,"name":"Startseite","item":"https:\/\/www.intermedicare.de\/ro\/"},{"@type":"ListItem","position":2,"name":"Despre noi"}]},{"@type":"WebSite","@id":"https:\/\/www.intermedicare.de\/#website","url":"https:\/\/www.intermedicare.de\/","name":"intermedicare","description":"","potentialAction":[{"@type":"SearchAction","target":{"@type":"EntryPoint","urlTemplate":"https:\/\/www.intermedicare.de\/?s={search_term_string}"},"query-input":{"@type":"PropertyValueSpecification","valueRequired":true,"valueName":"search_term_string"}}],"inLanguage":"ro-RO"}]}},"_links":{"self":[{"href":"https:\/\/www.intermedicare.de\/ro\/wp-json\/wp\/v2\/pages\/174","targetHints":{"allow":["GET"]}}],"collection":[{"href":"https:\/\/www.intermedicare.de\/ro\/wp-json\/wp\/v2\/pages"}],"about":[{"href":"https:\/\/www.intermedicare.de\/ro\/wp-json\/wp\/v2\/types\/page"}],"author":[{"embeddable":true,"href":"https:\/\/www.intermedicare.de\/ro\/wp-json\/wp\/v2\/users\/1"}],"replies":[{"embeddable":true,"href":"https:\/\/www.intermedicare.de\/ro\/wp-json\/wp\/v2\/comments?post=174"}],"version-history":[{"count":9,"href":"https:\/\/www.intermedicare.de\/ro\/wp-json\/wp\/v2\/pages\/174\/revisions"}],"predecessor-version":[{"id":659,"href":"https:\/\/www.intermedicare.de\/ro\/wp-json\/wp\/v2\/pages\/174\/revisions\/659"}],"wp:featuredmedia":[{"embeddable":true,"href":"https:\/\/www.intermedicare.de\/ro\/wp-json\/wp\/v2\/media\/256"}],"wp:attachment":[{"href":"https:\/\/www.intermedicare.de\/ro\/wp-json\/wp\/v2\/media?parent=174"}],"curies":[{"name":"wp","href":"https:\/\/api.w.org\/{rel}","templated":true}]}}