{"id":178,"date":"2022-02-12T18:15:34","date_gmt":"2022-02-12T17:15:34","guid":{"rendered":"http:\/\/intermedicare.dplusb.de\/fuer-bewerber\/leistungen\/"},"modified":"2022-03-09T10:19:25","modified_gmt":"2022-03-09T09:19:25","slug":"servicii","status":"publish","type":"page","link":"https:\/\/www.intermedicare.de\/ro\/pentru-interesati\/servicii\/","title":{"rendered":"Servicii"},"content":{"rendered":"","protected":false},"excerpt":{"rendered":"","protected":false},"author":1,"featured_media":246,"parent":636,"menu_order":10,"comment_status":"closed","ping_status":"closed","template":"page-sidebar.php","meta":{"_acf_changed":false,"footnotes":""},"class_list":["post-178","page","type-page","status-publish","has-post-thumbnail","hentry"],"acf":[],"yoast_head":"<!-- This site is optimized with the Yoast SEO plugin v26.4 - https:\/\/yoast.com\/wordpress\/plugins\/seo\/ -->\n<title>G\u0103si\u021bi angajatori atractivi \u00een sectorul s\u0103n\u0103t\u0103\u021bii \u00een toat\u0103 Germania<\/title>\n<meta name=\"description\" content=\"Recunoa\u0219tere profesional\u0103 pentru Germania: Oferim asisten\u021b\u0103 complet\u0103 solicitan\u021bilor \u00een toate sarcinile administrative.\" \/>\n<meta name=\"robots\" content=\"index, follow, max-snippet:-1, max-image-preview:large, max-video-preview:-1\" \/>\n<link rel=\"canonical\" href=\"https:\/\/www.intermedicare.de\/ro\/pentru-solicitanti\/servicii\/\" \/>\n<meta property=\"og:locale\" content=\"ro_RO\" \/>\n<meta property=\"og:type\" content=\"article\" \/>\n<meta property=\"og:title\" content=\"G\u0103si\u021bi angajatori atractivi \u00een sectorul s\u0103n\u0103t\u0103\u021bii \u00een toat\u0103 Germania\" \/>\n<meta property=\"og:description\" content=\"Recunoa\u0219tere profesional\u0103 pentru Germania: Oferim asisten\u021b\u0103 complet\u0103 solicitan\u021bilor \u00een toate sarcinile administrative.\" \/>\n<meta property=\"og:url\" content=\"https:\/\/www.intermedicare.de\/ro\/pentru-solicitanti\/servicii\/\" \/>\n<meta property=\"og:site_name\" content=\"intermedicare\" \/>\n<meta property=\"article:modified_time\" content=\"2022-03-09T09:19:25+00:00\" \/>\n<meta property=\"og:image\" content=\"https:\/\/www.intermedicare.de\/wp-content\/uploads\/2022\/02\/Header_Buero_innen.jpg\" \/>\n\t<meta property=\"og:image:width\" content=\"1984\" \/>\n\t<meta property=\"og:image:height\" content=\"928\" \/>\n\t<meta property=\"og:image:type\" content=\"image\/jpeg\" \/>\n<meta name=\"twitter:card\" content=\"summary_large_image\" \/>\n<script type=\"application\/ld+json\" class=\"yoast-schema-graph\">{\"@context\":\"https:\/\/schema.org\",\"@graph\":[{\"@type\":\"WebPage\",\"@id\":\"https:\/\/www.intermedicare.de\/ro\/pentru-solicitanti\/servicii\/\",\"url\":\"https:\/\/www.intermedicare.de\/ro\/pentru-solicitanti\/servicii\/\",\"name\":\"G\u0103si\u021bi angajatori atractivi \u00een sectorul s\u0103n\u0103t\u0103\u021bii \u00een toat\u0103 Germania\",\"isPartOf\":{\"@id\":\"https:\/\/www.intermedicare.de\/#website\"},\"primaryImageOfPage\":{\"@id\":\"https:\/\/www.intermedicare.de\/ro\/pentru-solicitanti\/servicii\/#primaryimage\"},\"image\":{\"@id\":\"https:\/\/www.intermedicare.de\/ro\/pentru-solicitanti\/servicii\/#primaryimage\"},\"thumbnailUrl\":\"https:\/\/www.intermedicare.de\/wp-content\/uploads\/2022\/02\/Header_Buero_innen.jpg\",\"datePublished\":\"2022-02-12T17:15:34+00:00\",\"dateModified\":\"2022-03-09T09:19:25+00:00\",\"description\":\"Recunoa\u0219tere profesional\u0103 pentru Germania: Oferim asisten\u021b\u0103 complet\u0103 solicitan\u021bilor \u00een toate sarcinile administrative.\",\"breadcrumb\":{\"@id\":\"https:\/\/www.intermedicare.de\/ro\/pentru-solicitanti\/servicii\/#breadcrumb\"},\"inLanguage\":\"ro-RO\",\"potentialAction\":[{\"@type\":\"ReadAction\",\"target\":[\"https:\/\/www.intermedicare.de\/ro\/pentru-solicitanti\/servicii\/\"]}]},{\"@type\":\"ImageObject\",\"inLanguage\":\"ro-RO\",\"@id\":\"https:\/\/www.intermedicare.de\/ro\/pentru-solicitanti\/servicii\/#primaryimage\",\"url\":\"https:\/\/www.intermedicare.de\/wp-content\/uploads\/2022\/02\/Header_Buero_innen.jpg\",\"contentUrl\":\"https:\/\/www.intermedicare.de\/wp-content\/uploads\/2022\/02\/Header_Buero_innen.jpg\",\"width\":1984,\"height\":928,\"caption\":\"Recunoa\u0219tere profesional\u0103 pentru Germania\"},{\"@type\":\"BreadcrumbList\",\"@id\":\"https:\/\/www.intermedicare.de\/ro\/pentru-solicitanti\/servicii\/#breadcrumb\",\"itemListElement\":[{\"@type\":\"ListItem\",\"position\":1,\"name\":\"Startseite\",\"item\":\"https:\/\/www.intermedicare.de\/ro\/\"},{\"@type\":\"ListItem\",\"position\":2,\"name\":\"Pentru interesa\u021bi\",\"item\":\"https:\/\/www.intermedicare.de\/ro\/pentru-solicitanti\/\"},{\"@type\":\"ListItem\",\"position\":3,\"name\":\"Servicii\"}]},{\"@type\":\"WebSite\",\"@id\":\"https:\/\/www.intermedicare.de\/#website\",\"url\":\"https:\/\/www.intermedicare.de\/\",\"name\":\"intermedicare\",\"description\":\"\",\"potentialAction\":[{\"@type\":\"SearchAction\",\"target\":{\"@type\":\"EntryPoint\",\"urlTemplate\":\"https:\/\/www.intermedicare.de\/?s={search_term_string}\"},\"query-input\":{\"@type\":\"PropertyValueSpecification\",\"valueRequired\":true,\"valueName\":\"search_term_string\"}}],\"inLanguage\":\"ro-RO\"}]}<\/script>\n<!-- \/ Yoast SEO plugin. -->","yoast_head_json":{"title":"G\u0103si\u021bi angajatori atractivi \u00een sectorul s\u0103n\u0103t\u0103\u021bii \u00een toat\u0103 Germania","description":"Recunoa\u0219tere profesional\u0103 pentru Germania: Oferim asisten\u021b\u0103 complet\u0103 solicitan\u021bilor \u00een toate sarcinile administrative.","robots":{"index":"index","follow":"follow","max-snippet":"max-snippet:-1","max-image-preview":"max-image-preview:large","max-video-preview":"max-video-preview:-1"},"canonical":"https:\/\/www.intermedicare.de\/ro\/pentru-solicitanti\/servicii\/","og_locale":"ro_RO","og_type":"article","og_title":"G\u0103si\u021bi angajatori atractivi \u00een sectorul s\u0103n\u0103t\u0103\u021bii \u00een toat\u0103 Germania","og_description":"Recunoa\u0219tere profesional\u0103 pentru Germania: Oferim asisten\u021b\u0103 complet\u0103 solicitan\u021bilor \u00een toate sarcinile administrative.","og_url":"https:\/\/www.intermedicare.de\/ro\/pentru-solicitanti\/servicii\/","og_site_name":"intermedicare","article_modified_time":"2022-03-09T09:19:25+00:00","og_image":[{"width":1984,"height":928,"url":"https:\/\/www.intermedicare.de\/wp-content\/uploads\/2022\/02\/Header_Buero_innen.jpg","type":"image\/jpeg"}],"twitter_card":"summary_large_image","schema":{"@context":"https:\/\/schema.org","@graph":[{"@type":"WebPage","@id":"https:\/\/www.intermedicare.de\/ro\/pentru-solicitanti\/servicii\/","url":"https:\/\/www.intermedicare.de\/ro\/pentru-solicitanti\/servicii\/","name":"G\u0103si\u021bi angajatori atractivi \u00een sectorul s\u0103n\u0103t\u0103\u021bii \u00een toat\u0103 Germania","isPartOf":{"@id":"https:\/\/www.intermedicare.de\/#website"},"primaryImageOfPage":{"@id":"https:\/\/www.intermedicare.de\/ro\/pentru-solicitanti\/servicii\/#primaryimage"},"image":{"@id":"https:\/\/www.intermedicare.de\/ro\/pentru-solicitanti\/servicii\/#primaryimage"},"thumbnailUrl":"https:\/\/www.intermedicare.de\/wp-content\/uploads\/2022\/02\/Header_Buero_innen.jpg","datePublished":"2022-02-12T17:15:34+00:00","dateModified":"2022-03-09T09:19:25+00:00","description":"Recunoa\u0219tere profesional\u0103 pentru Germania: Oferim asisten\u021b\u0103 complet\u0103 solicitan\u021bilor \u00een toate sarcinile administrative.","breadcrumb":{"@id":"https:\/\/www.intermedicare.de\/ro\/pentru-solicitanti\/servicii\/#breadcrumb"},"inLanguage":"ro-RO","potentialAction":[{"@type":"ReadAction","target":["https:\/\/www.intermedicare.de\/ro\/pentru-solicitanti\/servicii\/"]}]},{"@type":"ImageObject","inLanguage":"ro-RO","@id":"https:\/\/www.intermedicare.de\/ro\/pentru-solicitanti\/servicii\/#primaryimage","url":"https:\/\/www.intermedicare.de\/wp-content\/uploads\/2022\/02\/Header_Buero_innen.jpg","contentUrl":"https:\/\/www.intermedicare.de\/wp-content\/uploads\/2022\/02\/Header_Buero_innen.jpg","width":1984,"height":928,"caption":"Recunoa\u0219tere profesional\u0103 pentru Germania"},{"@type":"BreadcrumbList","@id":"https:\/\/www.intermedicare.de\/ro\/pentru-solicitanti\/servicii\/#breadcrumb","itemListElement":[{"@type":"ListItem","position":1,"name":"Startseite","item":"https:\/\/www.intermedicare.de\/ro\/"},{"@type":"ListItem","position":2,"name":"Pentru interesa\u021bi","item":"https:\/\/www.intermedicare.de\/ro\/pentru-solicitanti\/"},{"@type":"ListItem","position":3,"name":"Servicii"}]},{"@type":"WebSite","@id":"https:\/\/www.intermedicare.de\/#website","url":"https:\/\/www.intermedicare.de\/","name":"intermedicare","description":"","potentialAction":[{"@type":"SearchAction","target":{"@type":"EntryPoint","urlTemplate":"https:\/\/www.intermedicare.de\/?s={search_term_string}"},"query-input":{"@type":"PropertyValueSpecification","valueRequired":true,"valueName":"search_term_string"}}],"inLanguage":"ro-RO"}]}},"_links":{"self":[{"href":"https:\/\/www.intermedicare.de\/ro\/wp-json\/wp\/v2\/pages\/178","targetHints":{"allow":["GET"]}}],"collection":[{"href":"https:\/\/www.intermedicare.de\/ro\/wp-json\/wp\/v2\/pages"}],"about":[{"href":"https:\/\/www.intermedicare.de\/ro\/wp-json\/wp\/v2\/types\/page"}],"author":[{"embeddable":true,"href":"https:\/\/www.intermedicare.de\/ro\/wp-json\/wp\/v2\/users\/1"}],"replies":[{"embeddable":true,"href":"https:\/\/www.intermedicare.de\/ro\/wp-json\/wp\/v2\/comments?post=178"}],"version-history":[{"count":5,"href":"https:\/\/www.intermedicare.de\/ro\/wp-json\/wp\/v2\/pages\/178\/revisions"}],"predecessor-version":[{"id":425,"href":"https:\/\/www.intermedicare.de\/ro\/wp-json\/wp\/v2\/pages\/178\/revisions\/425"}],"up":[{"embeddable":true,"href":"https:\/\/www.intermedicare.de\/ro\/wp-json\/wp\/v2\/pages\/636"}],"wp:featuredmedia":[{"embeddable":true,"href":"https:\/\/www.intermedicare.de\/ro\/wp-json\/wp\/v2\/media\/246"}],"wp:attachment":[{"href":"https:\/\/www.intermedicare.de\/ro\/wp-json\/wp\/v2\/media?parent=178"}],"curies":[{"name":"wp","href":"https:\/\/api.w.org\/{rel}","templated":true}]}}