{"id":636,"date":"2022-07-12T09:24:57","date_gmt":"2022-07-12T07:24:57","guid":{"rendered":"https:\/\/www.intermedicare.de\/?page_id=636"},"modified":"2022-07-21T08:50:38","modified_gmt":"2022-07-21T06:50:38","slug":"pentru-interesati","status":"publish","type":"page","link":"https:\/\/www.intermedicare.de\/ro\/pentru-interesati\/","title":{"rendered":"Pentru interesa\u021bi"},"content":{"rendered":"","protected":false},"excerpt":{"rendered":"","protected":false},"author":1,"featured_media":152,"parent":0,"menu_order":0,"comment_status":"closed","ping_status":"closed","template":"page-sidebar.php","meta":{"_acf_changed":false,"footnotes":""},"class_list":["post-636","page","type-page","status-publish","has-post-thumbnail","hentry"],"acf":[],"yoast_head":"<!-- This site is optimized with the Yoast SEO plugin v26.4 - https:\/\/yoast.com\/wordpress\/plugins\/seo\/ -->\n<title>Lucreaz\u0103 \u00een Germania cu ajutorul InterMediCare<\/title>\n<meta name=\"description\" content=\"Angajare \u0219i plasare asisten\u021bi medicali generali\u0219ti \u00een Germania\" \/>\n<meta name=\"robots\" content=\"index, follow, max-snippet:-1, max-image-preview:large, max-video-preview:-1\" \/>\n<link rel=\"canonical\" href=\"https:\/\/www.intermedicare.de\/ro\/pentru-interesati\/\" \/>\n<meta property=\"og:locale\" content=\"ro_RO\" \/>\n<meta property=\"og:type\" content=\"article\" \/>\n<meta property=\"og:title\" content=\"Lucreaz\u0103 \u00een Germania cu ajutorul InterMediCare\" \/>\n<meta property=\"og:description\" content=\"Angajare \u0219i plasare asisten\u021bi medicali generali\u0219ti \u00een Germania\" \/>\n<meta property=\"og:url\" content=\"https:\/\/www.intermedicare.de\/ro\/pentru-interesati\/\" \/>\n<meta property=\"og:site_name\" content=\"intermedicare\" \/>\n<meta property=\"article:modified_time\" content=\"2022-07-21T06:50:38+00:00\" \/>\n<meta property=\"og:image\" content=\"https:\/\/www.intermedicare.de\/wp-content\/uploads\/2022\/02\/Header_Ueber-uns-min-scaled.jpg\" \/>\n\t<meta property=\"og:image:width\" content=\"2560\" \/>\n\t<meta property=\"og:image:height\" content=\"1197\" \/>\n\t<meta property=\"og:image:type\" content=\"image\/jpeg\" \/>\n<meta name=\"twitter:card\" content=\"summary_large_image\" \/>\n<script type=\"application\/ld+json\" class=\"yoast-schema-graph\">{\"@context\":\"https:\/\/schema.org\",\"@graph\":[{\"@type\":\"WebPage\",\"@id\":\"https:\/\/www.intermedicare.de\/ro\/pentru-interesati\/\",\"url\":\"https:\/\/www.intermedicare.de\/ro\/pentru-interesati\/\",\"name\":\"Lucreaz\u0103 \u00een Germania cu ajutorul InterMediCare\",\"isPartOf\":{\"@id\":\"https:\/\/www.intermedicare.de\/#website\"},\"primaryImageOfPage\":{\"@id\":\"https:\/\/www.intermedicare.de\/ro\/pentru-interesati\/#primaryimage\"},\"image\":{\"@id\":\"https:\/\/www.intermedicare.de\/ro\/pentru-interesati\/#primaryimage\"},\"thumbnailUrl\":\"https:\/\/www.intermedicare.de\/wp-content\/uploads\/2022\/02\/Header_Ueber-uns-min-scaled.jpg\",\"datePublished\":\"2022-07-12T07:24:57+00:00\",\"dateModified\":\"2022-07-21T06:50:38+00:00\",\"description\":\"Angajare \u0219i plasare asisten\u021bi medicali generali\u0219ti \u00een Germania\",\"breadcrumb\":{\"@id\":\"https:\/\/www.intermedicare.de\/ro\/pentru-interesati\/#breadcrumb\"},\"inLanguage\":\"ro-RO\",\"potentialAction\":[{\"@type\":\"ReadAction\",\"target\":[\"https:\/\/www.intermedicare.de\/ro\/pentru-interesati\/\"]}]},{\"@type\":\"ImageObject\",\"inLanguage\":\"ro-RO\",\"@id\":\"https:\/\/www.intermedicare.de\/ro\/pentru-interesati\/#primaryimage\",\"url\":\"https:\/\/www.intermedicare.de\/wp-content\/uploads\/2022\/02\/Header_Ueber-uns-min-scaled.jpg\",\"contentUrl\":\"https:\/\/www.intermedicare.de\/wp-content\/uploads\/2022\/02\/Header_Ueber-uns-min-scaled.jpg\",\"width\":2560,\"height\":1197,\"caption\":\"Asisten\u021b\u0103 medical\u0103 Recrutare K\u00f6ln, Germania\"},{\"@type\":\"BreadcrumbList\",\"@id\":\"https:\/\/www.intermedicare.de\/ro\/pentru-interesati\/#breadcrumb\",\"itemListElement\":[{\"@type\":\"ListItem\",\"position\":1,\"name\":\"Startseite\",\"item\":\"https:\/\/www.intermedicare.de\/ro\/\"},{\"@type\":\"ListItem\",\"position\":2,\"name\":\"Pentru interesa\u021bi\"}]},{\"@type\":\"WebSite\",\"@id\":\"https:\/\/www.intermedicare.de\/#website\",\"url\":\"https:\/\/www.intermedicare.de\/\",\"name\":\"intermedicare\",\"description\":\"\",\"potentialAction\":[{\"@type\":\"SearchAction\",\"target\":{\"@type\":\"EntryPoint\",\"urlTemplate\":\"https:\/\/www.intermedicare.de\/?s={search_term_string}\"},\"query-input\":{\"@type\":\"PropertyValueSpecification\",\"valueRequired\":true,\"valueName\":\"search_term_string\"}}],\"inLanguage\":\"ro-RO\"}]}<\/script>\n<!-- \/ Yoast SEO plugin. -->","yoast_head_json":{"title":"Lucreaz\u0103 \u00een Germania cu ajutorul InterMediCare","description":"Angajare \u0219i plasare asisten\u021bi medicali generali\u0219ti \u00een Germania","robots":{"index":"index","follow":"follow","max-snippet":"max-snippet:-1","max-image-preview":"max-image-preview:large","max-video-preview":"max-video-preview:-1"},"canonical":"https:\/\/www.intermedicare.de\/ro\/pentru-interesati\/","og_locale":"ro_RO","og_type":"article","og_title":"Lucreaz\u0103 \u00een Germania cu ajutorul InterMediCare","og_description":"Angajare \u0219i plasare asisten\u021bi medicali generali\u0219ti \u00een Germania","og_url":"https:\/\/www.intermedicare.de\/ro\/pentru-interesati\/","og_site_name":"intermedicare","article_modified_time":"2022-07-21T06:50:38+00:00","og_image":[{"width":2560,"height":1197,"url":"https:\/\/www.intermedicare.de\/wp-content\/uploads\/2022\/02\/Header_Ueber-uns-min-scaled.jpg","type":"image\/jpeg"}],"twitter_card":"summary_large_image","schema":{"@context":"https:\/\/schema.org","@graph":[{"@type":"WebPage","@id":"https:\/\/www.intermedicare.de\/ro\/pentru-interesati\/","url":"https:\/\/www.intermedicare.de\/ro\/pentru-interesati\/","name":"Lucreaz\u0103 \u00een Germania cu ajutorul InterMediCare","isPartOf":{"@id":"https:\/\/www.intermedicare.de\/#website"},"primaryImageOfPage":{"@id":"https:\/\/www.intermedicare.de\/ro\/pentru-interesati\/#primaryimage"},"image":{"@id":"https:\/\/www.intermedicare.de\/ro\/pentru-interesati\/#primaryimage"},"thumbnailUrl":"https:\/\/www.intermedicare.de\/wp-content\/uploads\/2022\/02\/Header_Ueber-uns-min-scaled.jpg","datePublished":"2022-07-12T07:24:57+00:00","dateModified":"2022-07-21T06:50:38+00:00","description":"Angajare \u0219i plasare asisten\u021bi medicali generali\u0219ti \u00een Germania","breadcrumb":{"@id":"https:\/\/www.intermedicare.de\/ro\/pentru-interesati\/#breadcrumb"},"inLanguage":"ro-RO","potentialAction":[{"@type":"ReadAction","target":["https:\/\/www.intermedicare.de\/ro\/pentru-interesati\/"]}]},{"@type":"ImageObject","inLanguage":"ro-RO","@id":"https:\/\/www.intermedicare.de\/ro\/pentru-interesati\/#primaryimage","url":"https:\/\/www.intermedicare.de\/wp-content\/uploads\/2022\/02\/Header_Ueber-uns-min-scaled.jpg","contentUrl":"https:\/\/www.intermedicare.de\/wp-content\/uploads\/2022\/02\/Header_Ueber-uns-min-scaled.jpg","width":2560,"height":1197,"caption":"Asisten\u021b\u0103 medical\u0103 Recrutare K\u00f6ln, Germania"},{"@type":"BreadcrumbList","@id":"https:\/\/www.intermedicare.de\/ro\/pentru-interesati\/#breadcrumb","itemListElement":[{"@type":"ListItem","position":1,"name":"Startseite","item":"https:\/\/www.intermedicare.de\/ro\/"},{"@type":"ListItem","position":2,"name":"Pentru interesa\u021bi"}]},{"@type":"WebSite","@id":"https:\/\/www.intermedicare.de\/#website","url":"https:\/\/www.intermedicare.de\/","name":"intermedicare","description":"","potentialAction":[{"@type":"SearchAction","target":{"@type":"EntryPoint","urlTemplate":"https:\/\/www.intermedicare.de\/?s={search_term_string}"},"query-input":{"@type":"PropertyValueSpecification","valueRequired":true,"valueName":"search_term_string"}}],"inLanguage":"ro-RO"}]}},"_links":{"self":[{"href":"https:\/\/www.intermedicare.de\/ro\/wp-json\/wp\/v2\/pages\/636","targetHints":{"allow":["GET"]}}],"collection":[{"href":"https:\/\/www.intermedicare.de\/ro\/wp-json\/wp\/v2\/pages"}],"about":[{"href":"https:\/\/www.intermedicare.de\/ro\/wp-json\/wp\/v2\/types\/page"}],"author":[{"embeddable":true,"href":"https:\/\/www.intermedicare.de\/ro\/wp-json\/wp\/v2\/users\/1"}],"replies":[{"embeddable":true,"href":"https:\/\/www.intermedicare.de\/ro\/wp-json\/wp\/v2\/comments?post=636"}],"version-history":[{"count":10,"href":"https:\/\/www.intermedicare.de\/ro\/wp-json\/wp\/v2\/pages\/636\/revisions"}],"predecessor-version":[{"id":678,"href":"https:\/\/www.intermedicare.de\/ro\/wp-json\/wp\/v2\/pages\/636\/revisions\/678"}],"wp:featuredmedia":[{"embeddable":true,"href":"https:\/\/www.intermedicare.de\/ro\/wp-json\/wp\/v2\/media\/152"}],"wp:attachment":[{"href":"https:\/\/www.intermedicare.de\/ro\/wp-json\/wp\/v2\/media?parent=636"}],"curies":[{"name":"wp","href":"https:\/\/api.w.org\/{rel}","templated":true}]}}